{"id":7,"date":"2019-04-02T09:47:19","date_gmt":"2019-04-02T09:47:19","guid":{"rendered":"https:\/\/bergmaneek.se\/?page_id=7"},"modified":"2025-09-03T08:45:34","modified_gmt":"2025-09-03T08:45:34","slug":"bergman-eek-advokat-ab","status":"publish","type":"page","link":"https:\/\/bergmaneek.se\/sv\/","title":{"rendered":"Bergman &#038; Eek Advokat AB"},"content":{"rendered":"[mk_page_section bg_image=&#8221;https:\/\/bergmaneek.se\/wp-content\/uploads\/BoE_header_001.jpg&#8221; attachment=&#8221;fixed&#8221; bg_position=&#8221;center top&#8221; bg_repeat=&#8221;no-repeat&#8221; bg_stretch=&#8221;true&#8221; enable_3d=&#8221;true&#8221; min_height=&#8221;700&#8243; full_width=&#8221;true&#8221; js_vertical_centered=&#8221;true&#8221; padding_top=&#8221;0&#8243; padding_bottom=&#8221;0&#8243; top_shape_size=&#8221;small&#8221; has_bottom_shape_divider=&#8221;true&#8221; bottom_shape_size=&#8221;small&#8221; bottom_shape_color=&#8221;#ffffff&#8221; visibility=&#8221;hidden-sm&#8221; sidebar=&#8221;sidebar-1&#8243;][vc_column][vc_row_inner][vc_column_inner][mk_padding_divider size=&#8221;0&#8243;][vc_column_text el_class=&#8221;vitt&#8221; css=&#8221;.vc_custom_1550148155592{margin-top: 150px !important;margin-bottom: 0px !important;}&#8221;]\n<h1 style=\"text-align: center;\">Bergman &amp; Eek Advokat AB<\/h1>\n<p class=\"ingress\" style=\"text-align: center;\">Aff\u00e4rsjuridisk Lundabyr\u00e5 med inriktning mot fastigheter, transaktioner och skatt<br \/>\nDen lilla byr\u00e5n med personligt bem\u00f6tande[\/vc_column_text][\/vc_column_inner][\/vc_row_inner][\/vc_column][\/mk_page_section][mk_page_section bg_image=&#8221;https:\/\/bergmaneek.se\/wp-content\/uploads\/start-portrait-01.jpg&#8221; attachment=&#8221;fixed&#8221; bg_position=&#8221;center top&#8221; bg_repeat=&#8221;no-repeat&#8221; bg_stretch=&#8221;true&#8221; enable_3d=&#8221;true&#8221; min_height=&#8221;700&#8243; full_width=&#8221;true&#8221; js_vertical_centered=&#8221;true&#8221; padding_top=&#8221;0&#8243; padding_bottom=&#8221;0&#8243; top_shape_size=&#8221;small&#8221; has_bottom_shape_divider=&#8221;true&#8221; bottom_shape_size=&#8221;small&#8221; bottom_shape_color=&#8221;#ffffff&#8221; visibility=&#8221;visible-sm&#8221; sidebar=&#8221;sidebar-1&#8243;][vc_column][vc_row_inner][vc_column_inner][mk_padding_divider size=&#8221;0&#8243;][vc_column_text el_class=&#8221;vitt&#8221; css=&#8221;.vc_custom_1553596618533{margin-top: 150px !important;margin-bottom: 0px !important;}&#8221;]\n<h2 style=\"text-align: center;\">Bergman &amp; Eek Advokat AB<\/h2>\n<p style=\"text-align: center;\"><strong>Aff\u00e4rsjuridisk Lundabyr\u00e5 med inriktning mot fastigheter, transaktioner och skatt<\/strong><br \/>\n<strong>Den lilla byr\u00e5n med personligt bem\u00f6tande<\/strong>[\/vc_column_text][\/vc_column_inner][\/vc_row_inner][\/vc_column][\/mk_page_section][mk_page_section][vc_column][vc_row_inner][vc_column_inner][mk_padding_divider size=&#8221;50&#8243;][vc_column_text css=&#8221;.vc_custom_1553597429624{margin-bottom: 0px !important;}&#8221;]\n<p style=\"text-align: center;\"><strong>Bergman &amp; Eek<\/strong>\u00a0har kontor i anrika lokaler mitt i Lund och klienter \u00f6ver hela Sverige och utomlands. Byr\u00e5n \u00e4r en Boutique Law Firm med specialisering inom utvalda aff\u00e4rsjuridiska omr\u00e5den. Byr\u00e5ns f\u00f6rdjupade kunskaper inom specialomr\u00e5dena g\u00f6r att vi p\u00e5 ett effektivt s\u00e4tt hj\u00e4lper och bitr\u00e4der v\u00e5ra klienter utifr\u00e5n varje klients unika situation och behov. V\u00e5ra uppdrag omfattar dessutom ofta mer \u00e4n juridisk r\u00e5dgivning, och vi tar g\u00e4rna rollen som bollplank i aff\u00e4rsfr\u00e5gor.<\/p>\n<h3 style=\"text-align: center;\">Kontakta oss g\u00e4rna f\u00f6r en dialog om just<br \/>\ndina behov och din fr\u00e5gest\u00e4llning!<\/h3>\n[\/vc_column_text][mk_padding_divider size=&#8221;85&#8243;][\/vc_column_inner][\/vc_row_inner][\/vc_column][\/mk_page_section][mk_page_section layout_structure=&#8221;half_left&#8221; bg_image=&#8221;https:\/\/bergmaneek.se\/wp-content\/uploads\/boe_pic_002-1.jpg&#8221; bg_stretch=&#8221;true&#8221; min_height=&#8221;400&#8243; full_width=&#8221;true&#8221; js_vertical_centered=&#8221;true&#8221; section_id=&#8221;omoss&#8221;][vc_column][vc_row_inner][vc_column_inner][vc_column_text css=&#8221;.vc_custom_1550146016601{margin-bottom: 0px !important;}&#8221;]\n<h2>Om oss<\/h2>\n<p>Bergman &amp; Eek \u00e4r den aff\u00e4rsjuridiska Lundabyr\u00e5n med ett personligt bem\u00f6tande och h\u00f6g kompetens. Vi s\u00e4tter ett h\u00f6gt v\u00e4rde i tillg\u00e4nglighet, flexibilitet och engagemang. Inom v\u00e5ra specialomr\u00e5den erbjuder vi v\u00e5ra klienter det som brukar kallas f\u00f6r kvalificerad full service, dvs. r\u00e5dgivning och bitr\u00e4de i alla delar av \u00e4rendet \u2013 fr\u00e5n b\u00f6rjan till slut.[\/vc_column_text][\/vc_column_inner][\/vc_row_inner][\/vc_column][\/mk_page_section][mk_page_section layout_structure=&#8221;half_right&#8221; bg_image=&#8221;https:\/\/bergmaneek.se\/wp-content\/uploads\/bergman-eek-skatt-08.jpg&#8221; bg_stretch=&#8221;true&#8221; min_height=&#8221;400&#8243; full_width=&#8221;true&#8221; js_vertical_centered=&#8221;true&#8221;][vc_column][vc_row_inner][vc_column_inner][vc_column_text css=&#8221;.vc_custom_1550146031697{margin-bottom: 0px !important;}&#8221;]V\u00e5ra klienter \u00e4r framf\u00f6r allt \u00e4garledda f\u00f6retag, fonder, banker, fastighetsutvecklare och fastighetsbolag, b\u00e5de kommunala och privata. Byr\u00e5ns nischade inriktning och medarbetarnas insyn i och k\u00e4nnedom om de brancher som v\u00e5ra klienter verkar inom, m\u00f6jligg\u00f6r att vi kan bidra med merv\u00e4rde i samband med juridiska r\u00e5d. Vi tar g\u00e4rna rollen som l\u00e5ngsiktig r\u00e5dgivare till v\u00e5ra klienter och bist\u00e5r l\u00f6pande i olika typer av projekt, fr\u00e5n planering till genomf\u00f6rande. Det h\u00e4nder ofta att vi genomf\u00f6r projekt i sambarbete med andra akt\u00f6rer inom v\u00e5rt stora n\u00e4tverk av samarbetspartners.[\/vc_column_text][\/vc_column_inner][\/vc_row_inner][\/vc_column][\/mk_page_section][mk_page_section layout_structure=&#8221;half_left&#8221; bg_image=&#8221;https:\/\/bergmaneek.se\/wp-content\/uploads\/bergman-eek-konferens-08-1.jpg&#8221; bg_stretch=&#8221;true&#8221; min_height=&#8221;400&#8243; full_width=&#8221;true&#8221; js_vertical_centered=&#8221;true&#8221;][vc_column][vc_row_inner][vc_column_inner][vc_column_text css=&#8221;.vc_custom_1550146049420{margin-bottom: 0px !important;}&#8221;]Bergman &amp; Eek drivs som ett true partnership d\u00e4r resultatet av byr\u00e5ns verksamhet delas lika mellan del\u00e4garna. V\u00e5rt arbetss\u00e4tt inneb\u00e4r att varje \u00e4rende hanteras av den eller de jurister som \u00e4r b\u00e4st l\u00e4mpade f\u00f6r den aktuella uppgiften. Byr\u00e5ns jurister arbetar gemensamt f\u00f6r att genom byr\u00e5ns samlade kunskaper och erfarenheter erbjuda klienterna st\u00f6rsta m\u00f6jliga aff\u00e4rsnytta.[\/vc_column_text][\/vc_column_inner][\/vc_row_inner][\/vc_column][\/mk_page_section][mk_page_section bg_color=&#8221;#41b2b7&#8243; bg_position=&#8221;center center&#8221; bg_repeat=&#8221;no-repeat&#8221; bg_stretch=&#8221;true&#8221; enable_3d=&#8221;true&#8221; speed_factor=&#8221;1.9&#8243; bg_gradient=&#8221;left_bottom&#8221; video_color_mask=&#8221;#016464&#8243; gr_end=&#8221;#41b2b7&#8243; video_opacity=&#8221;1&#8243; min_height=&#8221;81&#8243; js_vertical_centered=&#8221;true&#8221; el_class=&#8221;vitt&#8221; sidebar=&#8221;sidebar-1&#8243;][vc_column css=&#8221;.vc_custom_1538572589852{background-position: 0 0 !important;background-repeat: no-repeat !important;}&#8221;][vc_row_inner][vc_column_inner css=&#8221;.vc_custom_1538572131277{background-position: 0 0 !important;background-repeat: no-repeat !important;}&#8221;][mk_padding_divider size=&#8221;70&#8243;][vc_column_text css=&#8221;.vc_custom_1557923706430{margin-bottom: 0px !important;}&#8221;]\n<blockquote class=\"citat\"><p>Alla f\u00f6retag beh\u00f6ver juridiskt st\u00f6d d\u00e5 och d\u00e5. Vi \u00e4r inget undantag. Vi tar hj\u00e4lp av\u00a0Bergman &amp; Eek i b\u00e5de stora och sm\u00e5 fr\u00e5gor. Det hade varit om\u00f6jligt f\u00f6r oss att ha den kunskapen internt. Och vi f\u00e5r alltid snabba och l\u00e4ttf\u00f6rst\u00e5eliga svar.<br \/>\n<em>&#8211; Robin Berkhuizen, Emrahus<\/em><\/p><\/blockquote>\n[\/vc_column_text][mk_padding_divider size=&#8221;70&#8243;][\/vc_column_inner][\/vc_row_inner][\/vc_column][\/mk_page_section][mk_page_section bg_image=&#8221;https:\/\/bergmaneek.se\/wp-content\/uploads\/bergman-eek-lund-gata-01.jpg&#8221; bg_position=&#8221;center center&#8221; bg_repeat=&#8221;no-repeat&#8221; bg_stretch=&#8221;true&#8221; enable_3d=&#8221;true&#8221; min_height=&#8221;600&#8243; js_vertical_centered=&#8221;true&#8221; sidebar=&#8221;sidebar-1&#8243;][vc_column][vc_row_inner][vc_column_inner][\/vc_column_inner][\/vc_row_inner][\/vc_column][\/mk_page_section][mk_page_section section_id=&#8221;specialistomraden&#8221; sidebar=&#8221;sidebar-1&#8243;][vc_column][mk_padding_divider size=&#8221;85&#8243;][vc_row_inner][vc_column_inner][vc_column_text css=&#8221;.vc_custom_1550146078943{margin-bottom: 0px !important;}&#8221;]\n<h2>Specialistomr\u00e5den<\/h2>\n<p>Bergman &amp; Eek \u00e4r en Boutique Law Firm med nischad inriktning mot fastigheter, transaktioner (M&amp;A) och skatt. Vi \u00e4r av uppfattningen att ett \u00e4rende b\u00f6r hanteras av en jurist med spetskompetens inom det aktuella r\u00e4ttsomr\u00e5det. Detta m\u00f6jligg\u00f6r att vi tillsammans med klienten kan finna behovsanpassade och kostnadseffektiva l\u00f6sningar.[\/vc_column_text][mk_padding_divider size=&#8221;30&#8243;][\/vc_column_inner][\/vc_row_inner][vc_row_inner][vc_column_inner width=&#8221;1\/3&#8243;][mk_padding_divider size=&#8221;30&#8243;][vc_column_text css=&#8221;.vc_custom_1550146370091{margin-bottom: 0px !important;}&#8221;]<img decoding=\"async\" class=\"aligncenter\" style=\"width: 70%; height: auto;\" src=\"https:\/\/bergmaneek.se\/wp-content\/uploads\/bergman-o-ek_fastigheter-1.svg\" alt=\"Fastigheter, r\u00e5dgivning, advokater\" \/><\/p>\n<h3 style=\"text-align: center; padding-bottom: 10px;\">FASTIGHETER<\/h3>\n<p>V\u00e5ra fastighetsuppdrag avser bland annat k\u00f6p, f\u00f6rs\u00e4ljning, \u00e4garstrukturer och finansiering av fastigheter. Fr\u00e5gor f\u00f6r fastighets\u00e4gare och hyresg\u00e4ster r\u00f6rande till exempel hyresavtal, fastighetsutveckling, ombildning, hyresf\u00f6rhandling, detaljplanering, bygglov, inteckningar och pantbrev hanteras l\u00f6pande. Vi g\u00f6r ocks\u00e5 s.k. due diligence-unders\u00f6kningar av fastigheter och fastighetsbolag d\u00e4r vi s\u00f6ker efter legala risker och\/eller problem.[\/vc_column_text][\/vc_column_inner][vc_column_inner width=&#8221;1\/3&#8243;][mk_padding_divider size=&#8221;30&#8243;][vc_column_text css=&#8221;.vc_custom_1550146383534{margin-bottom: 0px !important;}&#8221;]<img decoding=\"async\" class=\"aligncenter\" style=\"width: 70%; height: auto;\" src=\"https:\/\/bergmaneek.se\/wp-content\/uploads\/bergman-o-ek_transaktioner-1.svg\" alt=\"Transaktioner, bergman eek advokater\" \/><\/p>\n<h3 style=\"text-align: center; padding-bottom: 10px;\">TRANSAKTIONER (M&amp;A)<\/h3>\n<p>Omr\u00e5det transaktioner innefattar bland annat f\u00f6retags\u00f6verl\u00e5telser, samg\u00e5enden, samarbeten och gemensamma projekt. Vi har l\u00e5ng erfarenhet av denna typ av uppdrag och har st\u00e4ndigt ett antal p\u00e5g\u00e5ende transaktioner. Vi bist\u00e5r genom hela processen. Att involvera oss tidigt i denna typ av uppdrag \u00e4r f\u00f6rdelaktigt d\u00e5 initiala v\u00e4gval ofta har stor legal betydelse, inte minst skattem\u00e4ssigt. N\u00e4r det g\u00e4ller st\u00f6rre f\u00f6rv\u00e4rvsprocesser kan vi hantera mycket information snabbt och r\u00e4ttss\u00e4kert.[\/vc_column_text][\/vc_column_inner][vc_column_inner width=&#8221;1\/3&#8243;][mk_padding_divider size=&#8221;30&#8243;][vc_column_text css=&#8221;.vc_custom_1550146398304{margin-bottom: 0px !important;}&#8221;]<img decoding=\"async\" class=\"aligncenter\" style=\"width: 70%; height: auto;\" src=\"https:\/\/bergmaneek.se\/wp-content\/uploads\/bergman-o-ek_skatt-1.svg\" alt=\"Skatter advokatbyr\u00e5 Lund\" \/><\/p>\n<h3 style=\"text-align: center; padding-bottom: 10px;\">SKATT<\/h3>\n<p>Det mesta ett f\u00f6retag g\u00f6r har och f\u00e5r en skattem\u00e4ssig p\u00e5verkan. Vi har stor erfarenhet av r\u00e5dgivning inom skatt i m\u00e5nga olika situationer, allt fr\u00e5n beskattning och momshantering i l\u00f6pande verksamhet till genomf\u00f6rande av generationsskiften och mer komplicerade transaktioner. Vi har stor erfarenhet av skattefr\u00e5gor r\u00f6rande \u00e4garledda f\u00f6retag s\u00e5som fr\u00e5gor g\u00e4llande \u00e4garbeskattning och 3:12-regler. Genom l\u00f6pande kontakt och avst\u00e4mningar med v\u00e5ra klienter kan vi se till att skattem\u00e4ssiga aspekter r\u00e4knas med i alla beslut. Skattekonsekvenser \u00e4r n\u00e5got som b\u00f6r utredas innan nya projekt eller planer sj\u00f6s\u00e4tts. Vi har \u00e4ven m\u00e5ng\u00e5rig erfarenhet av skatteprocesser.[\/vc_column_text][\/vc_column_inner][\/vc_row_inner][mk_padding_divider size=&#8221;70&#8243;][\/vc_column][\/mk_page_section][mk_page_section bg_color=&#8221;#d7d7d7&#8243; video_opacity=&#8221;1&#8243; has_top_shape_divider=&#8221;true&#8221; top_shape_size=&#8221;small&#8221; bottom_shape_color=&#8221;#ffffff&#8221; section_id=&#8221;team&#8221; sidebar=&#8221;sidebar-1&#8243;][vc_column][mk_padding_divider size=&#8221;85&#8243;][vc_row_inner][vc_column_inner][vc_column_text css=&#8221;.vc_custom_1542214288126{margin-bottom: 0px !important;}&#8221;]\n<h2>V\u00e5rt team<\/h2>\n[\/vc_column_text][\/vc_column_inner][\/vc_row_inner][mk_padding_divider size=&#8221;20&#8243;][vc_row_inner][vc_column_inner width=&#8221;1\/3&#8243;][vc_column_text css=&#8221;.vc_custom_1631007013447{margin-bottom: 0px !important;}&#8221;]<img decoding=\"async\" class=\"boll\" src=\"https:\/\/bergmaneek.se\/wp-content\/uploads\/pontus_002.jpg\" alt=\"PONTUS BERGMAN\" \/><\/p>\n<h3 style=\"text-align: center;\">PONTUS BERGMAN<\/h3>\n<p style=\"text-align: center;\">Advokat<\/p>\n<p style=\"text-align: center;\"><a href=\"tel:+46 708 18 46 50\">+46 708 18 46 50<\/a><br \/>\n<a href=\"mailto:pontus@bergmaneek.se\">pontus@bergmaneek.se<\/a><\/p>\n<p style=\"text-align: center;\"><em>Specialist inom skatte- och \u00e4garfr\u00e5gor som r\u00f6r f\u00e5mansbolag, fastighetsprojekt och transaktioner.<\/em><\/p>\n[\/vc_column_text][\/vc_column_inner][vc_column_inner width=&#8221;1\/3&#8243;][vc_column_text css=&#8221;.vc_custom_1542361309998{margin-bottom: 0px !important;}&#8221;]<img decoding=\"async\" class=\"boll\" src=\"https:\/\/bergmaneek.se\/wp-content\/uploads\/daniel-eek-08.jpg\" alt=\"Daniel Eek\" \/><\/p>\n<h3 style=\"text-align: center;\">DANIEL EEK<\/h3>\n<p style=\"text-align: center;\">Advokat<\/p>\n<p style=\"text-align: center;\"><a href=\"tel:+46 733 66 72 722\">+46 733 66 72 72<\/a><br \/>\n<a href=\"mailto:daniel@bergmaneek.se\">daniel@bergmaneek.se<\/a><\/p>\n<p style=\"text-align: center;\"><em>Specialist inom fastigheter, transaktioner, bolagsr\u00e4tt och finansiering.<\/em><\/p>\n[\/vc_column_text][\/vc_column_inner][vc_column_inner width=&#8221;1\/3&#8243;][vc_column_text css=&#8221;.vc_custom_1550146574404{margin-bottom: 0px !important;}&#8221;]<img decoding=\"async\" class=\"boll\" src=\"https:\/\/bergmaneek.se\/wp-content\/uploads\/helena-bergman-08.jpg\" alt=\"Helena Bergman\" \/><\/p>\n<h3 style=\"text-align: center;\">HELENA BERGMAN<\/h3>\n<p style=\"text-align: center;\">Advokat<\/p>\n<p style=\"text-align: center;\"><a href=\"tel:+46 733 580 132\">+46 733 580 132<\/a><br \/>\n<a href=\"mailto:helena@bergmaneek.se\">helena@bergmaneek.se<\/a><\/p>\n<p style=\"text-align: center;\"><em>Bolagsr\u00e4tt, transaktioner och aff\u00e4rsjuridisk generalist med internationell erfarenhet. Fransk-talande.<\/em><\/p>\n[\/vc_column_text][\/vc_column_inner][\/vc_row_inner][vc_row_inner][vc_column_inner width=&#8221;1\/3&#8243;][vc_column_text css=&#8221;.vc_custom_1550146584548{margin-bottom: 0px !important;}&#8221;]<img decoding=\"async\" class=\"boll\" src=\"https:\/\/bergmaneek.se\/wp-content\/uploads\/christoffer-johnsen-08.jpg\" alt=\"CHRISTOFFER JOHNSEN\" \/><\/p>\n<h3 style=\"text-align: center;\">CHRISTOFFER JOHNSEN<\/h3>\n<p style=\"text-align: center;\">Advokat<\/p>\n<p style=\"text-align: center;\"><a href=\"tel:+46 735 04 68 64\">+46 735 04 68 64<\/a><br \/>\n<a href=\"mailto:christoffer@bergmaneek.se\">christoffer@bergmaneek.se<\/a><\/p>\n<p style=\"text-align: center;\"><em>Specialist inom skatte- och \u00e4garfr\u00e5gor som r\u00f6r f\u00e5mansbolag och transaktioner samt avveckling av pensionsstiftelser.<\/em><\/p>\n[\/vc_column_text][vc_column_text css=&#8221;.vc_custom_1685025990094{margin-bottom: 0px !important;}&#8221;]<img loading=\"lazy\" decoding=\"async\" class=\"boll alignnone\" src=\"https:\/\/bergmaneek.se\/wp-content\/uploads\/emilie-tammelin-08.jpg\" alt=\"EMILIE TAMMELIN\" width=\"767\" height=\"900\" \/><\/p>\n<h3 style=\"text-align: center;\">EMILIE TAMMELIN<\/h3>\n<p style=\"text-align: center;\">Advokat<\/p>\n<p style=\"text-align: center;\"><a href=\"tel:+46 704 91 43 39\">+46 704 91 43 39<\/a><br \/>\n<a href=\"mailto:emilie@bergmaneek.se\">emilie@bergmaneek.se<\/a><\/p>\n<p style=\"text-align: center;\"><em>Specialist inom skatter\u00e4tt, med s\u00e4rskild erfarenhet av skatteprocesser vid myndighet och i domstol.<\/em><\/p>\n[\/vc_column_text][\/vc_column_inner][vc_column_inner width=&#8221;1\/3&#8243;][vc_column_text css=&#8221;.vc_custom_1695039949155{margin-bottom: 0px !important;}&#8221;]<img decoding=\"async\" class=\"boll\" src=\"https:\/\/bergmaneek.se\/wp-content\/uploads\/emma_002.jpg\" alt=\"EMMA BRYANTON\" \/><\/p>\n<h3 style=\"text-align: center;\">EMMA BRYANTON<\/h3>\n<p style=\"text-align: center;\">Advokat<\/p>\n<p style=\"text-align: center;\"><a href=\"tel:+46 709 20 90 22\">+46 709 20 90 22<\/a><br \/>\n<a href=\"mailto:emma@bergmaneek.se\">emma@bergmaneek.se<\/a><\/p>\n<p style=\"text-align: center;\"><em>Specialist inom fastighetsr\u00e4tt, hyresr\u00e4tt och kommersiell tvistel\u00f6sning, med erfarenhet av att f\u00f6retr\u00e4da klienter vid domstolsprocesser.<\/em><\/p>\n[\/vc_column_text][\/vc_column_inner][vc_column_inner width=&#8221;1\/3&#8243;][vc_column_text css=&#8221;.vc_custom_1631007052556{margin-bottom: 0px !important;}&#8221;]<img decoding=\"async\" class=\"boll\" src=\"https:\/\/bergmaneek.se\/wp-content\/uploads\/maja_002.jpg\" alt=\"MAJA PERDEG\u00c5RD\" \/><\/p>\n<h3 style=\"text-align: center;\">MAJA PERDEG\u00c5RD<\/h3>\n<p style=\"text-align: center;\">Bitr\u00e4dande jurist<\/p>\n<p style=\"text-align: center;\"><a href=\"tel:+46 708 63 18 64\">+46 708 63 18 64<\/a><br \/>\n<a href=\"mailto:maja@bergmaneek.se\">maja@bergmaneek.se<\/a><\/p>\n<p style=\"text-align: center;\"><em>Generalist med goda kunskaper inom aff\u00e4rsjuridik och skatter\u00e4tt<\/em><em>.<\/em><\/p>\n[\/vc_column_text][\/vc_column_inner][\/vc_row_inner][mk_padding_divider size=&#8221;85&#8243;][\/vc_column][\/mk_page_section][mk_page_section bg_color=&#8221;#ffffff&#8221; top_shape_color=&#8221;#ffffff&#8221; section_id=&#8221;hitta-hit&#8221; sidebar=&#8221;sidebar-1&#8243;][vc_column][mk_padding_divider size=&#8221;85&#8243;][vc_row_inner][vc_column_inner][vc_column_text css=&#8221;.vc_custom_1550146427874{margin-bottom: 0px !important;}&#8221;]\n<h2>Hitta hit<\/h2>\n<p><strong>Adress:<\/strong> Kyrkogatan 13, 222 22 Lund. <a href=\"mailto:info@bergmaneek.se\">info@bergmaneek.se<\/a><br \/>\n<strong>Parkering:<\/strong> Det finns 1-timmes parkeringar runt kvarteret. Vi rekommenderar parkeringen vid stationen (V\u00e4stra Stationsgatan 10) eller under Stadsbiblioteket (Sankt Petri Kyrkogata 6).[\/vc_column_text][\/vc_column_inner][\/vc_row_inner][mk_padding_divider size=&#8221;60&#8243;][\/vc_column][\/mk_page_section][mk_page_section min_height=&#8221;0&#8243; full_width=&#8221;true&#8221; padding_top=&#8221;0&#8243; padding_bottom=&#8221;0&#8243; sidebar=&#8221;sidebar-1&#8243;][vc_column css=&#8221;.vc_custom_1538402293153{margin: 0px !important;border-width: 0px !important;padding: 0px !important;}&#8221;][vc_row_inner css=&#8221;.vc_custom_1538402284348{margin: 0px !important;border-width: 0px !important;padding: 0px !important;}&#8221;][vc_column_inner css=&#8221;.vc_custom_1538402301381{margin: 0px !important;border-width: 0px !important;padding: 0px !important;}&#8221;][vc_gmaps link=&#8221;#E-8_JTNDaWZyYW1lJTIwc3JjJTNEJTIyaHR0cHMlM0ElMkYlMkZ3d3cuZ29vZ2xlLmNvbSUyRm1hcHMlMkZlbWJlZCUzRnBiJTNEJTIxMW0xOCUyMTFtMTIlMjExbTMlMjExZDIyNDguMDk3Mzc4OTc0NDE3NiUyMTJkMTMuMTkwMzE2MjE1OTI4NzIlMjEzZDU1LjcwNDY3OTA4MDU0MDUlMjEybTMlMjExZjAlMjEyZjAlMjEzZjAlMjEzbTIlMjExaTEwMjQlMjEyaTc2OCUyMTRmMTMuMSUyMTNtMyUyMTFtMiUyMTFzMHg0NjUzOTdjNTM1MGY2NGU5JTI1M0EweDExMWY0ZDk5OWQxMjk1NDglMjEyc0t5cmtvZ2F0YW4lMkIxMyUyNTJDJTJCMjIyJTJCMjIlMkJMdW5kJTIxNWUwJTIxM20yJTIxMXNlbiUyMTJzc2UlMjE0djE1Mzg0MDIxMzcxMTklMjIlMjB3aWR0aCUzRCUyMjYwMCUyMiUyMGhlaWdodCUzRCUyMjQ1MCUyMiUyMGZyYW1lYm9yZGVyJTNEJTIyMCUyMiUyMHN0eWxlJTNEJTIyYm9yZGVyJTNBMCUyMiUyMGFsbG93ZnVsbHNjcmVlbiUzRSUzQyUyRmlmcmFtZSUzRQ==&#8221;][\/vc_column_inner][\/vc_row_inner][\/vc_column][\/mk_page_section][mk_page_section bg_gradient=&#8221;left_bottom&#8221; video_color_mask=&#8221;#016464&#8243; gr_end=&#8221;#41b2b7&#8243; video_opacity=&#8221;1&#8243; top_shape_size=&#8221;small&#8221; section_id=&#8221;DAC6&#8243; sidebar=&#8221;sidebar-1&#8243;][vc_column][mk_padding_divider size=&#8221;85&#8243;][vc_column_text css=&#8221;.vc_custom_1609240487071{margin-bottom: 0px !important;}&#8221;]\n<h4><span style=\"color: #ffffff;\">Uppgiftsskyldighet f\u00f6r rapporteringspliktiga gr\u00e4ns\u00f6verskridande arrangemang (DAC 6)<\/span><\/h4>\n<p><span style=\"color: #ffffff;\">Med anledning av tystnadsplikten f\u00f6r advokater \u00e4r vi f\u00f6rhindrade att rapportera om s\u00e5dana arrangemang som avses i EU:s direktiv om automatiskt utbyte av upplysningar som r\u00f6r rapporteringspliktiga gr\u00e4ns\u00f6verskridande arrangemang (DAC 6) till skattemyndigheterna. V\u00e5r tystnadsplikt g\u00e4ller s\u00e5vida inte v\u00e5r klient befriar oss fr\u00e5n den genom att uttryckligen instruera oss att rapportera.<\/span><\/p>\n<p><span style=\"color: #ffffff;\">F\u00f6r det fall klienten inte ger oss instruktioner att rapportera ansvarar i f\u00f6rsta hand \u00f6vriga r\u00e5dgivare f\u00f6r att transaktionen rapporteras (och i sista hand klienten). Andra r\u00e5dgivare kan d\u00e4rmed vara skyldiga att rapportera arrangemang till skattemyndigheterna, dock att v\u00e5r tystnadsplikt f\u00f6rhindrar oss fr\u00e5n att informera andra r\u00e5dgivare om att de ska rapportera, vilket inneb\u00e4r att vi inte kommer att informera andra r\u00e5dgivare om deras skyldighet att rapportera.<\/span>[\/vc_column_text][\/vc_column][\/mk_page_section][vc_row][vc_column][vc_column_text]\u00a0[\/vc_column_text][\/vc_column][\/vc_row]\n","protected":false},"excerpt":{"rendered":"<p>[mk_page_section bg_image=&#8221;https:\/\/bergmaneek.se\/wp-content\/uploads\/BoE_header_001.jpg&#8221; attachment=&#8221;fixed&#8221; bg_position=&#8221;center top&#8221; bg_repeat=&#8221;no-repeat&#8221; bg_stretch=&#8221;true&#8221; enable_3d=&#8221;true&#8221; min_height=&#8221;700&#8243; full_width=&#8221;true&#8221; js_vertical_centered=&#8221;true&#8221; padding_top=&#8221;0&#8243; padding_bottom=&#8221;0&#8243; top_shape_size=&#8221;small&#8221; has_bottom_shape_divider=&#8221;true&#8221; bottom_shape_size=&#8221;small&#8221; bottom_shape_color=&#8221;#ffffff&#8221; visibility=&#8221;hidden-sm&#8221; sidebar=&#8221;sidebar-1&#8243;][vc_column][vc_row_inner][vc_column_inner][mk_padding_divider size=&#8221;0&#8243;][vc_column_text el_class=&#8221;vitt&#8221; css=&#8221;.vc_custom_1550148155592{margin-top: 150px !important;margin-bottom: 0px !important;}&#8221;] Bergman &amp; Eek Advokat AB Aff\u00e4rsjuridisk Lundabyr\u00e5 med inriktning mot fastigheter, transaktioner och skatt Den lilla byr\u00e5n med personligt bem\u00f6tande[\/vc_column_text][\/vc_column_inner][\/vc_row_inner][\/vc_column][\/mk_page_section][mk_page_section bg_image=&#8221;https:\/\/bergmaneek.se\/wp-content\/uploads\/start-portrait-01.jpg&#8221; attachment=&#8221;fixed&#8221; bg_position=&#8221;center top&#8221; bg_repeat=&#8221;no-repeat&#8221; bg_stretch=&#8221;true&#8221; enable_3d=&#8221;true&#8221; min_height=&#8221;700&#8243; full_width=&#8221;true&#8221; [&hellip;]<\/p>\n","protected":false},"author":1,"featured_media":0,"parent":0,"menu_order":0,"comment_status":"closed","ping_status":"closed","template":"","meta":{"_exactmetrics_skip_tracking":false,"_exactmetrics_sitenote_active":false,"_exactmetrics_sitenote_note":"","_exactmetrics_sitenote_category":0,"footnotes":""},"class_list":["post-7","page","type-page","status-publish","hentry"],"_links":{"self":[{"href":"https:\/\/bergmaneek.se\/sv\/wp-json\/wp\/v2\/pages\/7","targetHints":{"allow":["GET"]}}],"collection":[{"href":"https:\/\/bergmaneek.se\/sv\/wp-json\/wp\/v2\/pages"}],"about":[{"href":"https:\/\/bergmaneek.se\/sv\/wp-json\/wp\/v2\/types\/page"}],"author":[{"embeddable":true,"href":"https:\/\/bergmaneek.se\/sv\/wp-json\/wp\/v2\/users\/1"}],"replies":[{"embeddable":true,"href":"https:\/\/bergmaneek.se\/sv\/wp-json\/wp\/v2\/comments?post=7"}],"version-history":[{"count":24,"href":"https:\/\/bergmaneek.se\/sv\/wp-json\/wp\/v2\/pages\/7\/revisions"}],"predecessor-version":[{"id":189,"href":"https:\/\/bergmaneek.se\/sv\/wp-json\/wp\/v2\/pages\/7\/revisions\/189"}],"wp:attachment":[{"href":"https:\/\/bergmaneek.se\/sv\/wp-json\/wp\/v2\/media?parent=7"}],"curies":[{"name":"wp","href":"https:\/\/api.w.org\/{rel}","templated":true}]}}